{"id":323,"date":"2019-12-28T23:49:23","date_gmt":"2019-12-28T20:49:23","guid":{"rendered":"http:\/\/www.matbaacilarodasi.com\/?page_id=323"},"modified":"2020-03-18T20:00:10","modified_gmt":"2020-03-18T17:00:10","slug":"dernek-alindi-belgesi-basimi","status":"publish","type":"page","link":"https:\/\/www.matbaacilarodasi.com\/?page_id=323","title":{"rendered":"DERNEK ALINDI BELGES\u0130 BASIMI"},"content":{"rendered":"\n<p>DERNEK MAKBUZU BASIMI \u0130\u00c7\u0130N GEREKL\u0130 EVRAKLAR<br>\nKarar Defteri ilk sayfas\u0131n\u0131n fotokopisi<br>\nDernek Makbuzunun matbaa taraf\u0131ndan bas\u0131lmas\u0131na istinaden dernek karar defteri sayfas\u0131<br>\nfotokopisi<br>\nTeslimat s\u0131ras\u0131nda ka\u015fe<br>\nDERNEK MAKBUZU BASIM KARARI NASIL ALINIR?<br>\nMatbaa\u2019da bas\u0131lmak \u00fczere Seri A numara x\u2019den (000001) y\u2019ye(000500), x(10) cilt xxxxxxxxx(<br>\nDernek Makbuzu, Dernek Gelirleri Al\u0131nd\u0131 Belgesi vb.) bas\u0131lmas\u0131na, belgelerin bas\u0131m\u0131 ve teslim<br>\nal\u0131nmas\u0131 ile ilgili xxxxxxxxxxx( Ad- Soyad)\u2019\u0131n yetkilendirilmesine oy birli\u011fi ile karar verilmi\u015ftir.<br>\n\u015feklinde karar al\u0131narak, dernek ba\u015fkan\u0131, ba\u015fkan yard\u0131mc\u0131s\u0131, dernek sekreteri vb. imzalamas\u0131<br>\ngerekmektedir.<br>\nBu belgelerin bildirim i\u015flemleri taraf\u0131m\u0131zdan d\u00fczenlenmekte olup, herhangi bir i\u015flem<br>\nyapman\u0131za gerek kalmadan kullanabilirsiniz.<\/p>\n","protected":false},"excerpt":{"rendered":"<p>DERNEK MAKBUZU BASIMI \u0130\u00c7\u0130N GEREKL\u0130 EVRAKLAR Karar Defteri ilk sayfas\u0131n\u0131n fotokopisi Dernek Makbuzunun matbaa taraf\u0131ndan bas\u0131lmas\u0131na istinaden dernek karar defteri sayfas\u0131 fotokopisi Teslimat s\u0131ras\u0131nda ka\u015fe DERNEK MAKBUZU BASIM KARARI NASIL ALINIR? Matbaa\u2019da bas\u0131lmak \u00fczere Seri A numara x\u2019den (000001) y\u2019ye(000500), x(10) cilt xxxxxxxxx( Dernek Makbuzu, Dernek Gelirleri Al\u0131nd\u0131 Belgesi vb.) bas\u0131lmas\u0131na, belgelerin bas\u0131m\u0131 ve teslim&#8230;<\/p>\n","protected":false},"author":1,"featured_media":0,"parent":0,"menu_order":0,"comment_status":"closed","ping_status":"closed","template":"","meta":{"footnotes":""},"class_list":["post-323","page","type-page","status-publish","hentry"],"_links":{"self":[{"href":"https:\/\/www.matbaacilarodasi.com\/index.php?rest_route=\/wp\/v2\/pages\/323","targetHints":{"allow":["GET"]}}],"collection":[{"href":"https:\/\/www.matbaacilarodasi.com\/index.php?rest_route=\/wp\/v2\/pages"}],"about":[{"href":"https:\/\/www.matbaacilarodasi.com\/index.php?rest_route=\/wp\/v2\/types\/page"}],"author":[{"embeddable":true,"href":"https:\/\/www.matbaacilarodasi.com\/index.php?rest_route=\/wp\/v2\/users\/1"}],"replies":[{"embeddable":true,"href":"https:\/\/www.matbaacilarodasi.com\/index.php?rest_route=%2Fwp%2Fv2%2Fcomments&post=323"}],"version-history":[{"count":2,"href":"https:\/\/www.matbaacilarodasi.com\/index.php?rest_route=\/wp\/v2\/pages\/323\/revisions"}],"predecessor-version":[{"id":538,"href":"https:\/\/www.matbaacilarodasi.com\/index.php?rest_route=\/wp\/v2\/pages\/323\/revisions\/538"}],"wp:attachment":[{"href":"https:\/\/www.matbaacilarodasi.com\/index.php?rest_route=%2Fwp%2Fv2%2Fmedia&parent=323"}],"curies":[{"name":"wp","href":"https:\/\/api.w.org\/{rel}","templated":true}]}}