{"id":322,"date":"2019-12-28T23:49:17","date_gmt":"2019-12-28T20:49:17","guid":{"rendered":"http:\/\/www.matbaacilarodasi.com\/?page_id=322"},"modified":"2020-03-18T20:06:45","modified_gmt":"2020-03-18T17:06:45","slug":"anlasmali-matba-icin-gerekli-belgeler","status":"publish","type":"page","link":"https:\/\/www.matbaacilarodasi.com\/?page_id=322","title":{"rendered":"ANLA\u015eMALI MATBA \u0130\u00c7\u0130N GEREKL\u0130 BELGELER"},"content":{"rendered":"\n<p>T.C.<br> \u0130ZM\u0130R VERG\u0130 DA\u0130RES\u0130 BA\u015eKANLI\u011eI<br> M\u00dcKELLEF H\u0130ZMETLER\u0130 USUL GRUP M\u00dcD\u00dcRL\u00dc\u011e\u00dc<br> ile Anla\u015fmas\u0131 Matbaa \u0130\u015fletmecisi olarak \u00e7al\u0131\u015fan matbaalar\u0131 g\u00f6rmek i\u00e7in t\u0131klay\u0131n\u0131z.<br> ANLA\u015eMALI MATBAA OLMAK \u0130\u00c7\u0130N GEREKEN EVRAKLAR<br> Dilek\u00e7e<br> N\u00fcfus C\u00fczdan Sureti<br> \u0130kametgah Belgesi<br> Sab\u0131ka Kayd\u0131<br> Vergi Dairesinden Yaz\u0131 (Ger\u00e7ek Usulde M\u00fckelleftir)<br> Vergi Levhas\u0131 Fotokopisi<br> Makina ve Bilgisayar faturalar\u0131 Fotokopisi<br> Yeterlik Belgesi (Matbaac\u0131lar Odas\u0131ndan)<br> ANLA\u015eMA YEN\u0130LENMES\u0130NDE GEREKL\u0130 BELGELER<br> Dilek\u00e7e<br> \u0130\u015fletme Hesab\u0131 \u00d6zeti (Vergi Dairesi veya Noter Onayl\u0131)<br> Savc\u0131l\u0131ktan Sab\u0131ka Kayd\u0131<br> Oda Kay\u0131t Belgesi<br> \u0130\u015fletme Defteri \/ Yevmiye Envanter Defterleri (200.. Y\u0131l\u0131na Ait)<br> Anla\u015fmal\u0131 Matbaa Takip Defteri (200\u2026 \u2013 200\u2026 Y\u0131l\u0131na Ait )<br> \u0130mza Sirk\u00fcleri (\u015eirketler \u0130\u00e7in)<br> Levha ve Ka\u015fe<br> Teminat Mektubu (Kesin ve S\u00fcresiz)<\/p>\n","protected":false},"excerpt":{"rendered":"<p>T.C. \u0130ZM\u0130R VERG\u0130 DA\u0130RES\u0130 BA\u015eKANLI\u011eI M\u00dcKELLEF H\u0130ZMETLER\u0130 USUL GRUP M\u00dcD\u00dcRL\u00dc\u011e\u00dc ile Anla\u015fmas\u0131 Matbaa \u0130\u015fletmecisi olarak \u00e7al\u0131\u015fan matbaalar\u0131 g\u00f6rmek i\u00e7in t\u0131klay\u0131n\u0131z. ANLA\u015eMALI MATBAA OLMAK \u0130\u00c7\u0130N GEREKEN EVRAKLAR Dilek\u00e7e N\u00fcfus C\u00fczdan Sureti \u0130kametgah Belgesi Sab\u0131ka Kayd\u0131 Vergi Dairesinden Yaz\u0131 (Ger\u00e7ek Usulde M\u00fckelleftir) Vergi Levhas\u0131 Fotokopisi Makina ve Bilgisayar faturalar\u0131 Fotokopisi Yeterlik Belgesi (Matbaac\u0131lar Odas\u0131ndan) ANLA\u015eMA YEN\u0130LENMES\u0130NDE GEREKL\u0130&#8230;<\/p>\n","protected":false},"author":1,"featured_media":0,"parent":0,"menu_order":0,"comment_status":"closed","ping_status":"closed","template":"","meta":{"footnotes":""},"class_list":["post-322","page","type-page","status-publish","hentry"],"_links":{"self":[{"href":"https:\/\/www.matbaacilarodasi.com\/index.php?rest_route=\/wp\/v2\/pages\/322","targetHints":{"allow":["GET"]}}],"collection":[{"href":"https:\/\/www.matbaacilarodasi.com\/index.php?rest_route=\/wp\/v2\/pages"}],"about":[{"href":"https:\/\/www.matbaacilarodasi.com\/index.php?rest_route=\/wp\/v2\/types\/page"}],"author":[{"embeddable":true,"href":"https:\/\/www.matbaacilarodasi.com\/index.php?rest_route=\/wp\/v2\/users\/1"}],"replies":[{"embeddable":true,"href":"https:\/\/www.matbaacilarodasi.com\/index.php?rest_route=%2Fwp%2Fv2%2Fcomments&post=322"}],"version-history":[{"count":2,"href":"https:\/\/www.matbaacilarodasi.com\/index.php?rest_route=\/wp\/v2\/pages\/322\/revisions"}],"predecessor-version":[{"id":539,"href":"https:\/\/www.matbaacilarodasi.com\/index.php?rest_route=\/wp\/v2\/pages\/322\/revisions\/539"}],"wp:attachment":[{"href":"https:\/\/www.matbaacilarodasi.com\/index.php?rest_route=%2Fwp%2Fv2%2Fmedia&parent=322"}],"curies":[{"name":"wp","href":"https:\/\/api.w.org\/{rel}","templated":true}]}}