{"id":278,"date":"2019-12-28T23:41:06","date_gmt":"2019-12-28T20:41:06","guid":{"rendered":"http:\/\/www.matbaacilarodasi.com\/?page_id=278"},"modified":"2020-01-31T11:39:56","modified_gmt":"2020-01-31T08:39:56","slug":"matbaalar-kanunu","status":"publish","type":"page","link":"https:\/\/www.matbaacilarodasi.com\/?page_id=278","title":{"rendered":"MATBAALAR KANUNU"},"content":{"rendered":"\n<p><\/p>\n\n\n\n<p>MATBAALAR KANUNU (1)<br>\nKanun Numaras\u0131    5681<br>\nKabul Tarihi    : 15\/7\/1950<br>\nYay\u0131mland\u0131\u011f\u0131 R.Gazete    : Tarih : 24\/7\/1950 Say\u0131 : 7564 Yay\u0131mland\u0131\u011f\u0131 D\u00fcstur : Tertip : 3 Cilt : 31 Sayfa : 2242<\/p>\n\n\n\n<p>Madde 1 \u2013 Matbaa kurulmas\u0131 izne ba\u011fl\u0131 de\u011fildir. Ancak matbaa a\u00e7\u0131lmadan evvel kurulaca\u011f\u0131 yerin en b\u00fcy\u00fck m\u00fclkiye amirine bir beyanname verilir.<br>\nBu beyanname, matbaay\u0131 a\u00e7acak olan kimse ve varsa ortak veya m\u00fcmessilleri taraflar\u0131ndan imzalan\u0131r ve bunlar\u0131n adlar\u0131, soyadlar\u0131, tabiiyetleri,ikametgahlar\u0131, matbaan\u0131n yeri ve hangi dillerde, hangi tab\u0131 sistemiyle \u00e7al\u0131\u015faca\u011f\u0131 yaz\u0131l\u0131r ve gerekli vesikalar eklenir.<br>\nMadde 2 \u2013 Beyanname muhteviyat\u0131nda her hangi bir suretle vukua gelecek de\u011fi\u015fiklikler, bu de\u011fi\u015fikliklere taall\u00fck eden vesikalarla birlikte be\u015f g\u00fcn i\u00e7inde birinci maddede yaz\u0131l\u0131 mercie bildirilir.<br>\nMadde 3 \u2013 Bu kanun h\u00fckm\u00fcne g\u00f6re beyanname vererek matbaa a\u00e7anlara (tabi) denir.<br>\nMadde 4 \u2013 Tabiler, bast\u0131klar\u0131 eserlerden iki\u015fer n\u00fcshas\u0131n\u0131 basman\u0131n sona erdi\u011fi g\u00fcn\u00fcn \u00e7al\u0131\u015fma saati i\u00e7inde, bulunduklar\u0131 yerin Cumhuriyet Savc\u0131s\u0131 ile en b\u00fcy\u00fck m\u00fclkiye amirine vermeye mecburdurlar.<br>\nBu h\u00fck\u00fcm, cemiyet ve aile m\u00fcnasebetlerine taalluk eden ve ticaret ve sanat i\u015flerine munhas\u0131r bulunan davetiyeler, ilan, form\u00fcl, sirk\u00fcler, kartvizitler ve yaln\u0131z se\u00e7im yerini ve zaman\u0131n\u0131 g\u00f6steren ka\u011f\u0131tlarla adaylar\u0131n adlar\u0131n\u0131 bildiren rey pusulalar\u0131 gibi bas\u0131lar hakk\u0131nda uygulanamaz.<br>\nMadde 5 \u2013 Bas\u0131n Kanunu gere\u011fince mevkutenin \u00e7\u0131kar\u0131lmas\u0131 i\u00e7in l\u00fczumlu beyannamenin verildi\u011fi anla\u015f\u0131lmad\u0131k\u00e7a mevkutelerin matbaalarda bas\u0131lmas\u0131 yasakt\u0131r.<br>\nMadde 6 \u2013 (De\u011fi\u015fik: 23\/1\/2008-5728\/132 md.)<br>\nBu Kanunun 1 inci maddesine g\u00f6re beyanname vermeden matbaa a\u00e7anlarla 2, 4 ve 5 inci maddeleri h\u00fck\u00fcmlerine ayk\u0131r\u0131 hareket edenler, Cumhuriyet savc\u0131s\u0131 taraf\u0131ndan y\u00fcz T\u00fcrk Liras\u0131ndan be\u015fbin T\u00fcrk Liras\u0131na kadar idar\u00ee para cezas\u0131yla cezaland\u0131r\u0131l\u0131r.<br>\nMadde 7 \u2013 (De\u011fi\u015fik: 23\/1\/2008-5728\/133 md.)<br>\nHakikate ayk\u0131r\u0131 beyanname veren kimse, \u00fc\u00e7 aydan iki y\u0131la kadar hapis cezas\u0131yla cezaland\u0131r\u0131l\u0131r.<br>\nMadde 8 \u2013 Bu kanun yay\u0131m\u0131 tarihinde y\u00fcr\u00fcrl\u00fc\u011fe girer.<br>\nMadde 9 \u2013 Bu kanun h\u00fck\u00fcmlerini Bakanlar Kurulu y\u00fcr\u00fct\u00fcr.<\/p>\n\n\n\n<p>\u2014\u2014\u2014\u2014\u2014\u2014\u2014\u2014\u2014<br>\n(1) Bu Kanundaki para cezalar\u0131n\u0131n uygulanmas\u0131 ile ilgili olarak 10\/6\/1949 tarih ve 5435 say\u0131l\u0131 Kanunu de\u011fi\u015ftiren 21\/1\/1983 tarih ve 2790 say\u0131l\u0131 Kanun ile 15\/8\/1957 tarih ve 9682 say\u0131l\u0131 Resmi Gazete&#8217;de yay\u0131mlanan 20\/5\/1957 tarih ve E. 1, K. 12 say\u0131l\u0131 Yarg\u0131tay \u0130\u00e7. Bir. Kur. Karar\u0131na bak\u0131n\u0131z.<\/p>\n\n\n\n<p>5681 SAYILI KANUNA EK VE DE\u011e\u0130\u015e\u0130KL\u0130K GET\u0130REN MEVZUATIN Y\u00dcR\u00dcRL\u00dc\u011eE G\u0130R\u0130\u015e TAR\u0130H\u0130N\u0130 G\u00d6STER\u0130R L\u0130STE<\/p>\n\n\n\n<p>De\u011fi\u015ftiren<br>\nKanun    <br>\n5681 Say\u0131l\u0131 Kanunun de\u011fi\u015fen maddeleri    Y\u00fcr\u00fcrl\u00fc\u011fe<br>\ngiri\u015f tarihi<br>\n5728    6,7 8\/2\/2008<\/p>\n","protected":false},"excerpt":{"rendered":"<p>MATBAALAR KANUNU (1) Kanun Numaras\u0131 5681 Kabul Tarihi : 15\/7\/1950 Yay\u0131mland\u0131\u011f\u0131 R.Gazete : Tarih : 24\/7\/1950 Say\u0131 : 7564 Yay\u0131mland\u0131\u011f\u0131 D\u00fcstur : Tertip : 3 Cilt : 31 Sayfa : 2242 Madde 1 \u2013 Matbaa kurulmas\u0131 izne ba\u011fl\u0131 de\u011fildir. Ancak matbaa a\u00e7\u0131lmadan evvel kurulaca\u011f\u0131 yerin en b\u00fcy\u00fck m\u00fclkiye amirine bir beyanname verilir. Bu beyanname, matbaay\u0131&#8230;<\/p>\n","protected":false},"author":1,"featured_media":0,"parent":0,"menu_order":0,"comment_status":"closed","ping_status":"closed","template":"","meta":{"footnotes":""},"class_list":["post-278","page","type-page","status-publish","hentry"],"_links":{"self":[{"href":"https:\/\/www.matbaacilarodasi.com\/index.php?rest_route=\/wp\/v2\/pages\/278","targetHints":{"allow":["GET"]}}],"collection":[{"href":"https:\/\/www.matbaacilarodasi.com\/index.php?rest_route=\/wp\/v2\/pages"}],"about":[{"href":"https:\/\/www.matbaacilarodasi.com\/index.php?rest_route=\/wp\/v2\/types\/page"}],"author":[{"embeddable":true,"href":"https:\/\/www.matbaacilarodasi.com\/index.php?rest_route=\/wp\/v2\/users\/1"}],"replies":[{"embeddable":true,"href":"https:\/\/www.matbaacilarodasi.com\/index.php?rest_route=%2Fwp%2Fv2%2Fcomments&post=278"}],"version-history":[{"count":3,"href":"https:\/\/www.matbaacilarodasi.com\/index.php?rest_route=\/wp\/v2\/pages\/278\/revisions"}],"predecessor-version":[{"id":430,"href":"https:\/\/www.matbaacilarodasi.com\/index.php?rest_route=\/wp\/v2\/pages\/278\/revisions\/430"}],"wp:attachment":[{"href":"https:\/\/www.matbaacilarodasi.com\/index.php?rest_route=%2Fwp%2Fv2%2Fmedia&parent=278"}],"curies":[{"name":"wp","href":"https:\/\/api.w.org\/{rel}","templated":true}]}}