{"id":253,"date":"2019-12-28T23:28:38","date_gmt":"2019-12-28T20:28:38","guid":{"rendered":"http:\/\/www.matbaacilarodasi.com\/?page_id=253"},"modified":"2023-08-09T13:16:43","modified_gmt":"2023-08-09T10:16:43","slug":"ilanlar","status":"publish","type":"page","link":"https:\/\/www.matbaacilarodasi.com\/?page_id=253","title":{"rendered":"\u0130LANLAR"},"content":{"rendered":"\n<p><a href=\"https:\/\/www.matbaacilarodasi.com\/?page_id=300\">\u0130\u015e ARAYANLAR<\/a><\/p>\n\n\n\n<p><a href=\"https:\/\/www.matbaacilarodasi.com\/?page_id=301\">ELEMAN ARAYANLAR<\/a><\/p>\n\n\n\n<p><a href=\"https:\/\/www.matbaacilarodasi.com\/?page_id=303\">MAK\u0130NA ARAYANLAR<\/a><\/p>\n\n\n\n<p><\/p>\n\n\n\n<p><\/p>\n\n\n\n<p><\/p>\n\n\n\n<p><\/p>\n\n\n\n<p><\/p>\n\n\n\n<p><\/p>\n\n\n\n<p><\/p>\n","protected":false},"excerpt":{"rendered":"<p>\u0130\u015e ARAYANLAR ELEMAN ARAYANLAR MAK\u0130NA ARAYANLAR<\/p>\n","protected":false},"author":1,"featured_media":0,"parent":0,"menu_order":0,"comment_status":"closed","ping_status":"closed","template":"","meta":{"footnotes":""},"class_list":["post-253","page","type-page","status-publish","hentry"],"_links":{"self":[{"href":"https:\/\/www.matbaacilarodasi.com\/index.php?rest_route=\/wp\/v2\/pages\/253","targetHints":{"allow":["GET"]}}],"collection":[{"href":"https:\/\/www.matbaacilarodasi.com\/index.php?rest_route=\/wp\/v2\/pages"}],"about":[{"href":"https:\/\/www.matbaacilarodasi.com\/index.php?rest_route=\/wp\/v2\/types\/page"}],"author":[{"embeddable":true,"href":"https:\/\/www.matbaacilarodasi.com\/index.php?rest_route=\/wp\/v2\/users\/1"}],"replies":[{"embeddable":true,"href":"https:\/\/www.matbaacilarodasi.com\/index.php?rest_route=%2Fwp%2Fv2%2Fcomments&post=253"}],"version-history":[{"count":3,"href":"https:\/\/www.matbaacilarodasi.com\/index.php?rest_route=\/wp\/v2\/pages\/253\/revisions"}],"predecessor-version":[{"id":1813,"href":"https:\/\/www.matbaacilarodasi.com\/index.php?rest_route=\/wp\/v2\/pages\/253\/revisions\/1813"}],"wp:attachment":[{"href":"https:\/\/www.matbaacilarodasi.com\/index.php?rest_route=%2Fwp%2Fv2%2Fmedia&parent=253"}],"curies":[{"name":"wp","href":"https:\/\/api.w.org\/{rel}","templated":true}]}}